{"id":4628,"date":"2023-06-07T17:58:41","date_gmt":"2023-06-07T15:58:41","guid":{"rendered":"https:\/\/unigyoretohc.hu\/kiajanlo\/"},"modified":"2023-08-17T13:15:23","modified_gmt":"2023-08-17T11:15:23","slug":"kiajanlo","status":"publish","type":"page","link":"https:\/\/unigyoretohc.hu\/en\/kiajanlo\/","title":{"rendered":"Kiaj\u00e1nl\u00f3"},"content":{"rendered":"<p><div class=\"fusion-fullwidth fullwidth-box fusion-builder-row-1 fusion-flex-container nonhundred-percent-fullwidth non-hundred-percent-height-scrolling\" style=\"--awb-background-position:left top;--awb-border-sizes-top:0px;--awb-border-sizes-bottom:0px;--awb-border-sizes-left:0px;--awb-border-sizes-right:0px;--awb-border-radius-top-left:0px;--awb-border-radius-top-right:0px;--awb-border-radius-bottom-right:0px;--awb-border-radius-bottom-left:0px;--awb-padding-top:40px;--awb-padding-bottom:40px;--awb-padding-top-medium:60px;--awb-padding-bottom-medium:48px;--awb-background-color:var(--awb-custom21);--awb-flex-wrap:wrap;\" ><div class=\"fusion-builder-row fusion-row fusion-flex-align-items-flex-start fusion-flex-content-wrap\" style=\"max-width:calc( 1170px + 0px );margin-left: calc(-0px \/ 2 );margin-right: calc(-0px \/ 2 );\"><div class=\"fusion-layout-column fusion_builder_column fusion-builder-column-0 fusion_builder_column_1_1 1_1 fusion-flex-column fusion-flex-align-self-flex-start fusion-column-no-min-height\" style=\"--awb-bg-blend:overlay;--awb-bg-size:cover;--awb-width-large:100%;--awb-margin-top-large:0px;--awb-spacing-right-large:0px;--awb-margin-bottom-large:0px;--awb-spacing-left-large:0px;--awb-width-medium:100%;--awb-spacing-right-medium:0px;--awb-spacing-left-medium:0px;--awb-width-small:100%;--awb-spacing-right-small:0px;--awb-spacing-left-small:0px;\"><div class=\"fusion-column-wrapper fusion-flex-justify-content-flex-start fusion-content-layout-column\"><div class=\"_df_book df-lite\" id=\"df_3622\"  _slug=\"uni-gyor-eto-kiajanlo\" data-title=\"uni-gyor-eto-kiajanlo\" wpoptions=\"true\" thumb=\"https:\/\/unigyoretohc.hu\/wp-content\/uploads\/2023\/06\/unigyoreto_szponzori-1.jpg\" thumbtype=\"\" ><\/div><script class=\"df-shortcode-script\" nowprocket type=\"application\/javascript\">window.option_df_3622 = {\"outline\":[],\"backgroundColor\":\"#f6f6f6\",\"autoEnableOutline\":\"false\",\"autoEnableThumbnail\":\"false\",\"overwritePDFOutline\":\"false\",\"enableDownload\":\"false\",\"direction\":\"1\",\"pageSize\":\"0\",\"singlePageMode\":\"1\",\"soundEnable\":\"false\",\"source\":[\"https:\\\/\\\/unigyoretohc.hu\\\/wp-content\\\/uploads\\\/2023\\\/06\\\/unigyoreto_szponzori-1.jpg\",\"https:\\\/\\\/unigyoretohc.hu\\\/wp-content\\\/uploads\\\/2023\\\/06\\\/unigyoreto_szponzori-2.jpg\",\"https:\\\/\\\/unigyoretohc.hu\\\/wp-content\\\/uploads\\\/2023\\\/06\\\/unigyoreto_szponzori-3.jpg\",\"https:\\\/\\\/unigyoretohc.hu\\\/wp-content\\\/uploads\\\/2023\\\/06\\\/unigyoreto_szponzori-4.jpg\",\"https:\\\/\\\/unigyoretohc.hu\\\/wp-content\\\/uploads\\\/2023\\\/06\\\/unigyoreto_szponzori-5.jpg\",\"https:\\\/\\\/unigyoretohc.hu\\\/wp-content\\\/uploads\\\/2023\\\/06\\\/unigyoreto_szponzori-6.jpg\",\"https:\\\/\\\/unigyoretohc.hu\\\/wp-content\\\/uploads\\\/2023\\\/06\\\/unigyoreto_szponzori-7.jpg\",\"https:\\\/\\\/unigyoretohc.hu\\\/wp-content\\\/uploads\\\/2023\\\/06\\\/unigyoreto_szponzori-8.jpg\"],\"wpOptions\":\"true\",\"links\":[[],[],[],[],[],[],[],[],[]]}; if(window.DFLIP && window.DFLIP.parseBooks){window.DFLIP.parseBooks();}<\/script><\/div><\/div><\/div><\/div><div class=\"fusion-bg-parallax\" data-bg-align=\"center center\" data-direction=\"up\" data-mute=\"false\" data-opacity=\"100\" data-velocity=\"-0.5\" data-mobile-enabled=\"false\" data-break_parents=\"0\" data-bg-image=\"https:\/\/unigyoretohc.hu\/wp-content\/uploads\/2015\/02\/where-we-work-parallax.jpg\" data-bg-repeat=\"false\" data-bg-color=\"#3b4251\" ><\/div><div class=\"fusion-fullwidth fullwidth-box fusion-builder-row-2 fusion-flex-container fusion-parallax-up hundred-percent-fullwidth non-hundred-percent-height-scrolling lazyload\" style=\"--awb-border-sizes-top:0px;--awb-border-sizes-bottom:0px;--awb-border-sizes-left:0px;--awb-border-sizes-right:0px;--awb-border-radius-top-left:0px;--awb-border-radius-top-right:0px;--awb-border-radius-bottom-right:0px;--awb-border-radius-bottom-left:0px;--awb-padding-top:50px;--awb-padding-right:40px;--awb-padding-bottom:35px;--awb-padding-left:40px;--awb-background-color:#3b4251;--awb-background-size:cover;--awb-flex-wrap:wrap;\" data-bg=\"https:\/\/unigyoretohc.hu\/wp-content\/uploads\/2015\/02\/where-we-work-parallax.jpg\" ><div class=\"fusion-builder-row fusion-row fusion-flex-align-items-flex-start fusion-flex-justify-content-center fusion-flex-content-wrap\" style=\"width:104% !important;max-width:104% !important;margin-left: calc(-4% \/ 2 );margin-right: calc(-4% \/ 2 );\"><div class=\"fusion-layout-column fusion_builder_column fusion-builder-column-1 fusion_builder_column_1_4 1_4 fusion-flex-column\" style=\"--awb-bg-size:cover;--awb-width-large:25%;--awb-margin-top-large:0px;--awb-spacing-right-large:7.68%;--awb-margin-bottom-large:20px;--awb-spacing-left-large:7.68%;--awb-width-medium:100%;--awb-order-medium:0;--awb-spacing-right-medium:1.92%;--awb-spacing-left-medium:1.92%;--awb-width-small:100%;--awb-order-small:0;--awb-spacing-right-small:1.92%;--awb-spacing-left-small:1.92%;\"><div class=\"fusion-column-wrapper fusion-column-has-shadow fusion-flex-justify-content-flex-start fusion-content-layout-column\"><div class=\"fusion-text fusion-text-1\" style=\"--awb-line-height:1.5;--awb-text-color:var(--awb-custom19);\"><p style=\"text-align: center;\">One of the fastest growing hockey clubs, with a history of almost 30 years of youth development.<br \/>\nIt currently has more than 300 certified players, from the U8 age group to the adult team.<\/p>\n<\/div><\/div><\/div><div class=\"fusion-layout-column fusion_builder_column fusion-builder-column-2 fusion-flex-column\" style=\"--awb-bg-size:cover;--awb-width-large:12.5%;--awb-margin-top-large:0px;--awb-spacing-right-large:15.36%;--awb-margin-bottom-large:20px;--awb-spacing-left-large:15.36%;--awb-width-medium:100%;--awb-order-medium:0;--awb-spacing-right-medium:1.92%;--awb-spacing-left-medium:1.92%;--awb-width-small:100%;--awb-order-small:0;--awb-spacing-right-small:1.92%;--awb-spacing-left-small:1.92%;\"><div class=\"fusion-column-wrapper fusion-column-has-shadow fusion-flex-justify-content-flex-start fusion-content-layout-column\"><div class=\"fusion-image-element \" style=\"text-align:center;--awb-liftup-border-radius:0px;--awb-caption-title-font-family:var(--h2_typography-font-family);--awb-caption-title-font-weight:var(--h2_typography-font-weight);--awb-caption-title-font-style:var(--h2_typography-font-style);--awb-caption-title-size:var(--h2_typography-font-size);--awb-caption-title-transform:var(--h2_typography-text-transform);--awb-caption-title-line-height:var(--h2_typography-line-height);--awb-caption-title-letter-spacing:var(--h2_typography-letter-spacing);\"><div class=\"awb-image-frame awb-image-frame-1 imageframe-liftup\" style=\"max-width:150px;\"><span class=\" fusion-imageframe imageframe-none imageframe-1\"><img decoding=\"async\" width=\"278\" height=\"278\" title=\"ETO_logo_mail copy\" src=\"https:\/\/unigyoretohc.hu\/wp-content\/uploads\/2021\/09\/ETO_logo_mail-copy.png\" data-orig-src=\"https:\/\/unigyoretohc.hu\/wp-content\/uploads\/2021\/09\/ETO_logo_mail-copy.png\" alt class=\"lazyload img-responsive wp-image-3893\" srcset=\"data:image\/svg+xml,%3Csvg%20xmlns%3D%27http%3A%2F%2Fwww.w3.org%2F2000%2Fsvg%27%20width%3D%27278%27%20height%3D%27278%27%20viewBox%3D%270%200%20278%20278%27%3E%3Crect%20width%3D%27278%27%20height%3D%27278%27%20fill-opacity%3D%220%22%2F%3E%3C%2Fsvg%3E\" data-srcset=\"https:\/\/unigyoretohc.hu\/wp-content\/uploads\/2021\/09\/ETO_logo_mail-copy-200x200.png 200w, https:\/\/unigyoretohc.hu\/wp-content\/uploads\/2021\/09\/ETO_logo_mail-copy.png 278w\" data-sizes=\"auto\" data-orig-sizes=\"(max-width: 1024px) 100vw, (max-width: 850px) 100vw, 200px\" \/><\/span><\/div><\/div><div class=\"fusion-separator fusion-full-width-sep\" style=\"align-self: center;margin-left: auto;margin-right: auto;margin-top:5px;margin-bottom:10px;width:100%;\"><\/div><\/div><\/div><div class=\"fusion-layout-column fusion_builder_column fusion-builder-column-3 fusion_builder_column_1_4 1_4 fusion-flex-column\" style=\"--awb-bg-size:cover;--awb-width-large:25%;--awb-margin-top-large:0px;--awb-spacing-right-large:7.68%;--awb-margin-bottom-large:20px;--awb-spacing-left-large:7.68%;--awb-width-medium:100%;--awb-order-medium:0;--awb-spacing-right-medium:1.92%;--awb-spacing-left-medium:1.92%;--awb-width-small:100%;--awb-order-small:0;--awb-spacing-right-small:1.92%;--awb-spacing-left-small:1.92%;\"><div class=\"fusion-column-wrapper fusion-column-has-shadow fusion-flex-justify-content-flex-start fusion-content-layout-column\"><div class=\"fusion-text fusion-text-2\" style=\"--awb-line-height:1.5;--awb-text-color:var(--awb-custom19);\"><p style=\"text-align: center;\">The Gy\u0151r Ice Sports Centre is unique in Hungary, with three indoor rinks, the jewel of which is the Nemak Ice Hall, with a capacity of 1100 people.<br \/>\nIn addition to Andersen League matches, the complex also hosts international tournaments and world championships.<\/p>\n<\/div><\/div><\/div><div class=\"fusion-layout-column fusion_builder_column fusion-builder-column-4 fusion-flex-column\" style=\"--awb-bg-size:cover;--awb-width-large:12.5%;--awb-margin-top-large:0px;--awb-spacing-right-large:15.36%;--awb-margin-bottom-large:20px;--awb-spacing-left-large:15.36%;--awb-width-medium:100%;--awb-order-medium:0;--awb-spacing-right-medium:1.92%;--awb-spacing-left-medium:1.92%;--awb-width-small:100%;--awb-order-small:0;--awb-spacing-right-small:1.92%;--awb-spacing-left-small:1.92%;\"><div class=\"fusion-column-wrapper fusion-column-has-shadow fusion-flex-justify-content-flex-start fusion-content-layout-column\"><div class=\"fusion-image-element \" style=\"text-align:center;--awb-liftup-border-radius:0px;--awb-caption-title-font-family:var(--h2_typography-font-family);--awb-caption-title-font-weight:var(--h2_typography-font-weight);--awb-caption-title-font-style:var(--h2_typography-font-style);--awb-caption-title-size:var(--h2_typography-font-size);--awb-caption-title-transform:var(--h2_typography-text-transform);--awb-caption-title-line-height:var(--h2_typography-line-height);--awb-caption-title-letter-spacing:var(--h2_typography-letter-spacing);\"><div class=\"awb-image-frame awb-image-frame-2 imageframe-liftup\" style=\"max-width:150px;\"><span class=\" fusion-imageframe imageframe-none imageframe-2\"><img decoding=\"async\" width=\"966\" height=\"1280\" title=\"sze_logo_allo_RGB-w\" src=\"https:\/\/unigyoretohc.hu\/wp-content\/uploads\/2023\/08\/sze_logo_allo_RGB-w.png\" data-orig-src=\"https:\/\/unigyoretohc.hu\/wp-content\/uploads\/2023\/08\/sze_logo_allo_RGB-w.png\" alt class=\"lazyload img-responsive wp-image-4346\" srcset=\"data:image\/svg+xml,%3Csvg%20xmlns%3D%27http%3A%2F%2Fwww.w3.org%2F2000%2Fsvg%27%20width%3D%27966%27%20height%3D%271280%27%20viewBox%3D%270%200%20966%201280%27%3E%3Crect%20width%3D%27966%27%20height%3D%271280%27%20fill-opacity%3D%220%22%2F%3E%3C%2Fsvg%3E\" data-srcset=\"https:\/\/unigyoretohc.hu\/wp-content\/uploads\/2023\/08\/sze_logo_allo_RGB-w-200x265.png 200w, https:\/\/unigyoretohc.hu\/wp-content\/uploads\/2023\/08\/sze_logo_allo_RGB-w-400x530.png 400w, https:\/\/unigyoretohc.hu\/wp-content\/uploads\/2023\/08\/sze_logo_allo_RGB-w-600x795.png 600w, https:\/\/unigyoretohc.hu\/wp-content\/uploads\/2023\/08\/sze_logo_allo_RGB-w-800x1060.png 800w, https:\/\/unigyoretohc.hu\/wp-content\/uploads\/2023\/08\/sze_logo_allo_RGB-w.png 966w\" data-sizes=\"auto\" data-orig-sizes=\"(max-width: 1024px) 100vw, (max-width: 850px) 100vw, 200px\" \/><\/span><\/div><\/div><div class=\"fusion-separator fusion-full-width-sep\" style=\"align-self: center;margin-left: auto;margin-right: auto;margin-top:5px;margin-bottom:10px;width:100%;\"><\/div><\/div><\/div><div class=\"fusion-layout-column fusion_builder_column fusion-builder-column-5 fusion_builder_column_1_4 1_4 fusion-flex-column\" style=\"--awb-bg-size:cover;--awb-width-large:25%;--awb-margin-top-large:0px;--awb-spacing-right-large:7.68%;--awb-margin-bottom-large:20px;--awb-spacing-left-large:7.68%;--awb-width-medium:100%;--awb-order-medium:0;--awb-spacing-right-medium:1.92%;--awb-spacing-left-medium:1.92%;--awb-width-small:100%;--awb-order-small:0;--awb-spacing-right-small:1.92%;--awb-spacing-left-small:1.92%;\"><div class=\"fusion-column-wrapper fusion-column-has-shadow fusion-flex-justify-content-flex-start fusion-content-layout-column\"><div class=\"fusion-text fusion-text-3\" style=\"--awb-line-height:1.5;--awb-text-color:var(--awb-custom19);\"><p style=\"text-align: center;\">The Sz\u00e9chenyi Istv\u00e1n University is proud to be recognised for its professional work, education, scientific research and social responsibility. The students here will not only become engineers, technical teachers, IT specialists, lawyers, economists, musicians, health and social professionals, but also intellectuals of this country and region, with a social responsibility.<\/p>\n<\/div><\/div><\/div><\/div><\/div>\n<\/p>\n","protected":false},"excerpt":{"rendered":"","protected":false},"author":1,"featured_media":0,"parent":0,"menu_order":0,"comment_status":"closed","ping_status":"open","template":"100-width.php","meta":{"_monsterinsights_skip_tracking":false,"_monsterinsights_sitenote_active":false,"_monsterinsights_sitenote_note":"","_monsterinsights_sitenote_category":0,"footnotes":""},"class_list":["post-4628","page","type-page","status-publish","hentry"],"yoast_head":"<!-- This site is optimized with the Yoast SEO plugin v27.1.1 - https:\/\/yoast.com\/product\/yoast-seo-wordpress\/ -->\n<title>Kiaj\u00e1nl\u00f3 - UNI GY\u0150R ETO HC<\/title>\n<meta name=\"description\" content=\"Introductory material of the UNI GY\u0150R ETO HC adult ice hockey team.\" \/>\n<meta name=\"robots\" content=\"index, follow, max-snippet:-1, max-image-preview:large, max-video-preview:-1\" \/>\n<link rel=\"canonical\" href=\"https:\/\/unigyoretohc.hu\/en\/kiajanlo\/\" \/>\n<meta property=\"og:locale\" content=\"en_US\" \/>\n<meta property=\"og:type\" content=\"article\" \/>\n<meta property=\"og:title\" content=\"Kiaj\u00e1nl\u00f3 - UNI GY\u0150R ETO HC\" \/>\n<meta property=\"og:description\" content=\"Introductory material of the UNI GY\u0150R ETO HC adult ice hockey team.\" \/>\n<meta property=\"og:url\" content=\"https:\/\/unigyoretohc.hu\/en\/kiajanlo\/\" \/>\n<meta property=\"og:site_name\" content=\"UNI GY\u0150R ETO HC\" \/>\n<meta property=\"article:publisher\" content=\"https:\/\/www.facebook.com\/unigyoretohc\" \/>\n<meta property=\"article:modified_time\" content=\"2023-08-17T11:15:23+00:00\" \/>\n<meta name=\"twitter:card\" content=\"summary_large_image\" \/>\n<meta name=\"twitter:label1\" content=\"Est. reading time\" \/>\n\t<meta name=\"twitter:data1\" content=\"1 minute\" \/>\n<script type=\"application\/ld+json\" class=\"yoast-schema-graph\">{\"@context\":\"https:\/\/schema.org\",\"@graph\":[{\"@type\":\"WebPage\",\"@id\":\"https:\/\/unigyoretohc.hu\/en\/kiajanlo\/\",\"url\":\"https:\/\/unigyoretohc.hu\/en\/kiajanlo\/\",\"name\":\"Kiaj\u00e1nl\u00f3 - UNI GY\u0150R ETO HC\",\"isPartOf\":{\"@id\":\"https:\/\/unigyoretohc.hu\/#website\"},\"datePublished\":\"2023-06-07T15:58:41+00:00\",\"dateModified\":\"2023-08-17T11:15:23+00:00\",\"description\":\"Introductory material of the UNI GY\u0150R ETO HC adult ice hockey team.\",\"breadcrumb\":{\"@id\":\"https:\/\/unigyoretohc.hu\/en\/kiajanlo\/#breadcrumb\"},\"inLanguage\":\"en-US\",\"potentialAction\":[{\"@type\":\"ReadAction\",\"target\":[\"https:\/\/unigyoretohc.hu\/en\/kiajanlo\/\"]}]},{\"@type\":\"BreadcrumbList\",\"@id\":\"https:\/\/unigyoretohc.hu\/en\/kiajanlo\/#breadcrumb\",\"itemListElement\":[{\"@type\":\"ListItem\",\"position\":1,\"name\":\"Kezd\u0151lap\",\"item\":\"https:\/\/unigyoretohc.hu\/\"},{\"@type\":\"ListItem\",\"position\":2,\"name\":\"Kiaj\u00e1nl\u00f3\"}]},{\"@type\":\"WebSite\",\"@id\":\"https:\/\/unigyoretohc.hu\/#website\",\"url\":\"https:\/\/unigyoretohc.hu\/\",\"name\":\"UNI GY\u0150R ETO HC\",\"description\":\"Erste Liga\",\"publisher\":{\"@id\":\"https:\/\/unigyoretohc.hu\/#organization\"},\"potentialAction\":[{\"@type\":\"SearchAction\",\"target\":{\"@type\":\"EntryPoint\",\"urlTemplate\":\"https:\/\/unigyoretohc.hu\/?s={search_term_string}\"},\"query-input\":{\"@type\":\"PropertyValueSpecification\",\"valueRequired\":true,\"valueName\":\"search_term_string\"}}],\"inLanguage\":\"en-US\"},{\"@type\":\"Organization\",\"@id\":\"https:\/\/unigyoretohc.hu\/#organization\",\"name\":\"UNI GY\u0150R ETO HC\",\"url\":\"https:\/\/unigyoretohc.hu\/\",\"logo\":{\"@type\":\"ImageObject\",\"inLanguage\":\"en-US\",\"@id\":\"https:\/\/unigyoretohc.hu\/#\/schema\/logo\/image\/\",\"url\":\"https:\/\/unigyoretohc.hu\/wp-content\/uploads\/2022\/10\/ETO_logo.png\",\"contentUrl\":\"https:\/\/unigyoretohc.hu\/wp-content\/uploads\/2022\/10\/ETO_logo.png\",\"width\":800,\"height\":800,\"caption\":\"UNI GY\u0150R ETO HC\"},\"image\":{\"@id\":\"https:\/\/unigyoretohc.hu\/#\/schema\/logo\/image\/\"},\"sameAs\":[\"https:\/\/www.facebook.com\/unigyoretohc\",\"https:\/\/www.instagram.com\/unigyoretohc\/\",\"https:\/\/www.tiktok.com\/@unietohockey\"]}]}<\/script>\n<!-- \/ Yoast SEO plugin. -->","yoast_head_json":{"title":"Kiaj\u00e1nl\u00f3 - UNI GY\u0150R ETO HC","description":"Introductory material of the UNI GY\u0150R ETO HC adult ice hockey team.","robots":{"index":"index","follow":"follow","max-snippet":"max-snippet:-1","max-image-preview":"max-image-preview:large","max-video-preview":"max-video-preview:-1"},"canonical":"https:\/\/unigyoretohc.hu\/en\/kiajanlo\/","og_locale":"en_US","og_type":"article","og_title":"Kiaj\u00e1nl\u00f3 - UNI GY\u0150R ETO HC","og_description":"Introductory material of the UNI GY\u0150R ETO HC adult ice hockey team.","og_url":"https:\/\/unigyoretohc.hu\/en\/kiajanlo\/","og_site_name":"UNI GY\u0150R ETO HC","article_publisher":"https:\/\/www.facebook.com\/unigyoretohc","article_modified_time":"2023-08-17T11:15:23+00:00","twitter_card":"summary_large_image","twitter_misc":{"Est. reading time":"1 minute"},"schema":{"@context":"https:\/\/schema.org","@graph":[{"@type":"WebPage","@id":"https:\/\/unigyoretohc.hu\/en\/kiajanlo\/","url":"https:\/\/unigyoretohc.hu\/en\/kiajanlo\/","name":"Kiaj\u00e1nl\u00f3 - UNI GY\u0150R ETO HC","isPartOf":{"@id":"https:\/\/unigyoretohc.hu\/#website"},"datePublished":"2023-06-07T15:58:41+00:00","dateModified":"2023-08-17T11:15:23+00:00","description":"Introductory material of the UNI GY\u0150R ETO HC adult ice hockey team.","breadcrumb":{"@id":"https:\/\/unigyoretohc.hu\/en\/kiajanlo\/#breadcrumb"},"inLanguage":"en-US","potentialAction":[{"@type":"ReadAction","target":["https:\/\/unigyoretohc.hu\/en\/kiajanlo\/"]}]},{"@type":"BreadcrumbList","@id":"https:\/\/unigyoretohc.hu\/en\/kiajanlo\/#breadcrumb","itemListElement":[{"@type":"ListItem","position":1,"name":"Kezd\u0151lap","item":"https:\/\/unigyoretohc.hu\/"},{"@type":"ListItem","position":2,"name":"Kiaj\u00e1nl\u00f3"}]},{"@type":"WebSite","@id":"https:\/\/unigyoretohc.hu\/#website","url":"https:\/\/unigyoretohc.hu\/","name":"UNI GY\u0150R ETO HC","description":"Erste Liga","publisher":{"@id":"https:\/\/unigyoretohc.hu\/#organization"},"potentialAction":[{"@type":"SearchAction","target":{"@type":"EntryPoint","urlTemplate":"https:\/\/unigyoretohc.hu\/?s={search_term_string}"},"query-input":{"@type":"PropertyValueSpecification","valueRequired":true,"valueName":"search_term_string"}}],"inLanguage":"en-US"},{"@type":"Organization","@id":"https:\/\/unigyoretohc.hu\/#organization","name":"UNI GY\u0150R ETO HC","url":"https:\/\/unigyoretohc.hu\/","logo":{"@type":"ImageObject","inLanguage":"en-US","@id":"https:\/\/unigyoretohc.hu\/#\/schema\/logo\/image\/","url":"https:\/\/unigyoretohc.hu\/wp-content\/uploads\/2022\/10\/ETO_logo.png","contentUrl":"https:\/\/unigyoretohc.hu\/wp-content\/uploads\/2022\/10\/ETO_logo.png","width":800,"height":800,"caption":"UNI GY\u0150R ETO HC"},"image":{"@id":"https:\/\/unigyoretohc.hu\/#\/schema\/logo\/image\/"},"sameAs":["https:\/\/www.facebook.com\/unigyoretohc","https:\/\/www.instagram.com\/unigyoretohc\/","https:\/\/www.tiktok.com\/@unietohockey"]}]}},"_links":{"self":[{"href":"https:\/\/unigyoretohc.hu\/en\/wp-json\/wp\/v2\/pages\/4628","targetHints":{"allow":["GET"]}}],"collection":[{"href":"https:\/\/unigyoretohc.hu\/en\/wp-json\/wp\/v2\/pages"}],"about":[{"href":"https:\/\/unigyoretohc.hu\/en\/wp-json\/wp\/v2\/types\/page"}],"author":[{"embeddable":true,"href":"https:\/\/unigyoretohc.hu\/en\/wp-json\/wp\/v2\/users\/1"}],"replies":[{"embeddable":true,"href":"https:\/\/unigyoretohc.hu\/en\/wp-json\/wp\/v2\/comments?post=4628"}],"version-history":[{"count":1,"href":"https:\/\/unigyoretohc.hu\/en\/wp-json\/wp\/v2\/pages\/4628\/revisions"}],"predecessor-version":[{"id":4631,"href":"https:\/\/unigyoretohc.hu\/en\/wp-json\/wp\/v2\/pages\/4628\/revisions\/4631"}],"wp:attachment":[{"href":"https:\/\/unigyoretohc.hu\/en\/wp-json\/wp\/v2\/media?parent=4628"}],"curies":[{"name":"wp","href":"https:\/\/api.w.org\/{rel}","templated":true}]}}